{"id":475,"date":"2013-01-14T13:25:48","date_gmt":"2013-01-14T13:25:48","guid":{"rendered":"http:\/\/ginco-ev.com\/?page_id=475"},"modified":"2013-07-17T02:27:46","modified_gmt":"2013-07-17T00:27:46","slug":"beratung","status":"publish","type":"page","link":"https:\/\/ginco-ev.com\/de\/beratung\/","title":{"rendered":"Beratung"},"content":{"rendered":"<p><a href=\"http:\/\/ginco-ev.com\/wp-content\/uploads\/2013\/01\/Sova_5.jpg\"><img loading=\"lazy\" decoding=\"async\" class=\"alignleft size-medium wp-image-1923\" alt=\"Sova_5\" src=\"http:\/\/ginco-ev.com\/wp-content\/uploads\/2013\/01\/Sova_5-400x300.jpg\" width=\"400\" height=\"300\" \/><\/a>Gin Co e. V. schl\u00e4gt nicht nur Bildungsprogramme f\u00fcr Kinder und Erwachsene vor. Zu Ihrer Verf\u00fcgung stehen auch folgende Spezialisten:<\/p>\n<ul>\n<li>Logop\u00e4din (Russisch)<\/li>\n<li>Kinderpsychologin (Russisch und Deutsch)<\/li>\n<li>Sozialp\u00e4dagogin.<\/li>\n<\/ul>\n<p>Die Eltern beraten wir auch \u00fcber verschiedene Situationen, wie z.B. Bildungsorganisation und -wesen in Deutschland.<\/p>\n<p>Wir legen auf die Zusammenarbeit mit den Eltern einen gro\u00dfen Wert: die gemeinsamen Themen werden gew\u00e4hlt und jedes Problem individuell behandelt.<\/p>\n","protected":false},"excerpt":{"rendered":"<p>Gin Co e. V. schl\u00e4gt nicht nur Bildungsprogramme f\u00fcr Kinder und Erwachsene vor. Zu Ihrer Verf\u00fcgung stehen auch folgende Spezialisten:<a class=\"moretag\" href=\"https:\/\/ginco-ev.com\/de\/beratung\/\">  &#9900;&#9900;&#9655;<\/a><\/p>\n","protected":false},"author":111,"featured_media":0,"parent":0,"menu_order":0,"comment_status":"closed","ping_status":"closed","template":"","meta":{"ngg_post_thumbnail":0,"footnotes":""},"class_list":["post-475","page","type-page","status-publish","hentry"],"_links":{"self":[{"href":"https:\/\/ginco-ev.com\/de\/wp-json\/wp\/v2\/pages\/475","targetHints":{"allow":["GET"]}}],"collection":[{"href":"https:\/\/ginco-ev.com\/de\/wp-json\/wp\/v2\/pages"}],"about":[{"href":"https:\/\/ginco-ev.com\/de\/wp-json\/wp\/v2\/types\/page"}],"author":[{"embeddable":true,"href":"https:\/\/ginco-ev.com\/de\/wp-json\/wp\/v2\/users\/111"}],"replies":[{"embeddable":true,"href":"https:\/\/ginco-ev.com\/de\/wp-json\/wp\/v2\/comments?post=475"}],"version-history":[{"count":0,"href":"https:\/\/ginco-ev.com\/de\/wp-json\/wp\/v2\/pages\/475\/revisions"}],"wp:attachment":[{"href":"https:\/\/ginco-ev.com\/de\/wp-json\/wp\/v2\/media?parent=475"}],"curies":[{"name":"wp","href":"https:\/\/api.w.org\/{rel}","templated":true}]}}