{"id":347,"date":"2012-12-11T13:15:56","date_gmt":"2012-12-11T12:15:56","guid":{"rendered":"http:\/\/www.sovremennik.de\/GinCo\/?page_id=4"},"modified":"2023-06-28T09:43:14","modified_gmt":"2023-06-28T07:43:14","slug":"hauptseite","status":"publish","type":"page","link":"https:\/\/ginco-ev.com\/de\/","title":{"rendered":"Wir wollen mehr f\u00fcr unsere Kinder"},"content":{"rendered":"<p>Was ist das Wertvollste, was Sie Ihrem Kind mit auf den Lebensweg geben k\u00f6nnen? F\u00fcr uns ist die Antwort auf diese Frage eindeutig \u2013 eine gute Bildung! Wir geben uns nicht mit den bereits erzielten Erfolgen unserer T\u00e4tigkeit zufrieden, sondern wollen unseren Kindern noch mehr bieten. GinCo e.V. ist ein gemeinn\u00fctziger Verein, der sich aus P\u00e4dagogen und Eltern zusammensetzt, die einen aktiven Beitrag zur Bildung unserer Kinder leisten. Wir bieten Kurse und Projekte an, die eine optimale Erg\u00e4nzung zur Bildung des Kindes darstellen. Unsere einf\u00fchlsame Herangehensweise, die an jedes Kind individuell angepasst ist, hilft Talente und Begabungen der Kinder zu entdecken und zu f\u00f6rdern, sowie eine gefestigte Pers\u00f6nlichkeit zu entwickeln. Wir freuen uns, Sie und Ihr Kind bald bei uns begr\u00fc\u00dfen zu d\u00fcrfen!<\/p>\n","protected":false},"excerpt":{"rendered":"<p>Was ist das Wertvollste, was Sie Ihrem Kind mit auf den Lebensweg geben k\u00f6nnen? F\u00fcr uns ist die Antwort auf<a class=\"moretag\" href=\"https:\/\/ginco-ev.com\/de\/\">  &#9900;&#9900;&#9655;<\/a><\/p>\n","protected":false},"author":111,"featured_media":0,"parent":0,"menu_order":0,"comment_status":"open","ping_status":"closed","template":"","meta":{"ngg_post_thumbnail":0,"footnotes":""},"class_list":["post-347","page","type-page","status-publish","hentry"],"_links":{"self":[{"href":"https:\/\/ginco-ev.com\/de\/wp-json\/wp\/v2\/pages\/347","targetHints":{"allow":["GET"]}}],"collection":[{"href":"https:\/\/ginco-ev.com\/de\/wp-json\/wp\/v2\/pages"}],"about":[{"href":"https:\/\/ginco-ev.com\/de\/wp-json\/wp\/v2\/types\/page"}],"author":[{"embeddable":true,"href":"https:\/\/ginco-ev.com\/de\/wp-json\/wp\/v2\/users\/111"}],"replies":[{"embeddable":true,"href":"https:\/\/ginco-ev.com\/de\/wp-json\/wp\/v2\/comments?post=347"}],"version-history":[{"count":3,"href":"https:\/\/ginco-ev.com\/de\/wp-json\/wp\/v2\/pages\/347\/revisions"}],"predecessor-version":[{"id":42578,"href":"https:\/\/ginco-ev.com\/de\/wp-json\/wp\/v2\/pages\/347\/revisions\/42578"}],"wp:attachment":[{"href":"https:\/\/ginco-ev.com\/de\/wp-json\/wp\/v2\/media?parent=347"}],"curies":[{"name":"wp","href":"https:\/\/api.w.org\/{rel}","templated":true}]}}