{"id":5411,"date":"2013-12-15T18:10:20","date_gmt":"2013-12-15T17:10:20","guid":{"rendered":"http:\/\/ginco-ev.com\/?page_id=5411"},"modified":"2017-08-18T09:28:12","modified_gmt":"2017-08-18T07:28:12","slug":"vse-soby-tiya","status":"publish","type":"page","link":"http:\/\/ginco-ev.com\/de\/vse-soby-tiya\/","title":{"rendered":"alle Ereignise"},"content":{"rendered":"<div class=\"em em-view-container\" id=\"em-view-197411070\" data-view=\"list-grouped\">\r\n\t<div class=\"em-list em-events-list em-events-list-grouped\" id=\"em-events-list-grouped-197411070\">\r\n\t<h2>Jan. 2025<\/h2><a href=\"http:\/\/ginco-ev.com\/de\/events\/chess-elefant-kinderschachturnier\/\">Chess Elefant - Kinderschachturnier<\/a> <a href=\"http:\/\/ginco-ev.com\/de\/events\/chess-elefant-kinderschachturnier\/\"><img loading=\"lazy\" decoding=\"async\" style=\"float: left;margin-right: 10px;margin-bottom: 5px;margin-top: 5px\" alt=\"\" src=\"http:\/\/ginco-ev.com\/wp-content\/uploads\/2015\/06\/schach_open.jpg\" width=\"80\" height=\"80\" align=\"left\" border=\"0\" \/><\/a>Januar 19, 2025 Am 19. Januar findet ein Kinderschachturnier statt. Anmeldung bis 12. ...<\/p>\n<hr \/>\n<p><h2>Juli 2021<\/h2><a href=\"http:\/\/ginco-ev.com\/de\/events\/evropapark-dlya-nas\/\">EUROPAPARK<\/a> <a href=\"http:\/\/ginco-ev.com\/de\/events\/evropapark-dlya-nas\/\"><img loading=\"lazy\" decoding=\"async\" style=\"float: left;margin-right: 10px;margin-bottom: 5px;margin-top: 5px\" alt=\"\" src=\"\" width=\"80\" height=\"80\" align=\"left\" border=\"0\" \/><\/a>Juli 3, 2021 Tolle Nachrichten: wir fahren am 3. Juli nach Europapark. Anmeldung ...<\/p>\n<hr \/>\n<p><h2>Okt. 2020<\/h2><a href=\"http:\/\/ginco-ev.com\/de\/events\/osennie-kanikuly-4\/\">Herbstferien<\/a> <a href=\"http:\/\/ginco-ev.com\/de\/events\/osennie-kanikuly-4\/\"><img loading=\"lazy\" decoding=\"async\" style=\"float: left;margin-right: 10px;margin-bottom: 5px;margin-top: 5px\" alt=\"\" src=\"\" width=\"80\" height=\"80\" align=\"left\" border=\"0\" \/><\/a>Oktober 5, 2020 - Oktober 16, 2020 In der Zeit von 5. bis 16. Oktober finden Herbstferien ...<\/p>\n<hr \/>\n<p><h2>Aug. 2020<\/h2><a href=\"http:\/\/ginco-ev.com\/de\/events\/sentyabr\/\">September<\/a> <a href=\"http:\/\/ginco-ev.com\/de\/events\/sentyabr\/\"><img loading=\"lazy\" decoding=\"async\" style=\"float: left;margin-right: 10px;margin-bottom: 5px;margin-top: 5px\" alt=\"\" src=\"\" width=\"80\" height=\"80\" align=\"left\" border=\"0\" \/><\/a>August 24, 2020 - September 30, 2020 Im September arbeiten wir nach dem bekannten Stundenplan und unter ...<\/p>\n<hr \/>\n<p><a href=\"http:\/\/ginco-ev.com\/de\/events\/roditelskoe-sobranie-2\/\">Elternversammlung<\/a> <a href=\"http:\/\/ginco-ev.com\/de\/events\/roditelskoe-sobranie-2\/\"><img loading=\"lazy\" decoding=\"async\" style=\"float: left;margin-right: 10px;margin-bottom: 5px;margin-top: 5px\" alt=\"\" src=\"\" width=\"80\" height=\"80\" align=\"left\" border=\"0\" \/><\/a>August 17, 2020 Elternversammlung findet am 17. August, Montag, zeitversetzt in Drei Gruppen ...<\/p>\n<hr \/>\n<p><a href=\"http:\/\/ginco-ev.com\/de\/events\/probnoe-vremya\/\">PROBEZEIT<\/a> <a href=\"http:\/\/ginco-ev.com\/de\/events\/probnoe-vremya\/\"><img loading=\"lazy\" decoding=\"async\" style=\"float: left;margin-right: 10px;margin-bottom: 5px;margin-top: 5px\" alt=\"\" src=\"\" width=\"80\" height=\"80\" align=\"left\" border=\"0\" \/><\/a>August 17, 2020 - August 31, 2020 Im August k\u00f6nnen neue Kinder unsere Kurse kennenlernen, uns besuchen ...<\/p>\n<hr \/>\n<p><a href=\"http:\/\/ginco-ev.com\/de\/events\/letnij-lager-otdyha-2020\/\">Sommer Ferien Camp 2020<\/a> <a href=\"http:\/\/ginco-ev.com\/de\/events\/letnij-lager-otdyha-2020\/\"><img loading=\"lazy\" decoding=\"async\" style=\"float: left;margin-right: 10px;margin-bottom: 5px;margin-top: 5px\" alt=\"\" src=\"http:\/\/ginco-ev.com\/wp-content\/uploads\/2020\/06\/Sommerferien-kurz-2020.jpg\" width=\"80\" height=\"80\" align=\"left\" border=\"0\" \/><\/a>August 10, 2020 - August 14, 2020 Meldet euch an! Verpasst nicht eine einmalige Gelegenheit! Die Anzahl ...<\/p>\n<hr \/>\n<p><h2>Juli 2020<\/h2><a href=\"http:\/\/ginco-ev.com\/de\/events\/onlajn-kontsert\/\">ONLINE KONZERT<\/a> <a href=\"http:\/\/ginco-ev.com\/de\/events\/onlajn-kontsert\/\"><img loading=\"lazy\" decoding=\"async\" style=\"float: left;margin-right: 10px;margin-bottom: 5px;margin-top: 5px\" alt=\"\" src=\"http:\/\/ginco-ev.com\/wp-content\/uploads\/2020\/06\/online_konzert_word.jpg\" width=\"80\" height=\"80\" align=\"left\" border=\"0\" \/><\/a>Juli 4, 2020 Am 4. Juli um 10 Uhr findet unser Jahreskonzert statt. ...<\/p>\n<hr \/>\n<p><h2>Juni 2020<\/h2><a href=\"http:\/\/ginco-ev.com\/de\/events\/pravila\/\">RICHTLINIEN<\/a> <a href=\"http:\/\/ginco-ev.com\/de\/events\/pravila\/\"><img loading=\"lazy\" decoding=\"async\" style=\"float: left;margin-right: 10px;margin-bottom: 5px;margin-top: 5px\" alt=\"\" src=\"\" width=\"80\" height=\"80\" align=\"left\" border=\"0\" \/><\/a>Juni 1, 2020 - Juli 5, 2020 Liebe Eltern! Im Juni m\u00f6chten wir zus\u00e4tzlich zu dem Online-Unterricht ...<\/p>\n<hr \/>\n<p><h2>Apr. 2020<\/h2><a href=\"http:\/\/ginco-ev.com\/de\/events\/konkurs-sochinenij-2-temy-na-vybor\/\">Schreibwettbewerb 2 Themen zur Auswahl<\/a> <a href=\"http:\/\/ginco-ev.com\/de\/events\/konkurs-sochinenij-2-temy-na-vybor\/\"><img loading=\"lazy\" decoding=\"async\" style=\"float: left;margin-right: 10px;margin-bottom: 5px;margin-top: 5px\" alt=\"\" src=\"\" width=\"80\" height=\"80\" align=\"left\" border=\"0\" \/><\/a>April 12, 2020 - April 30, 2020 Zum ersten Mal und gleich zwei Themen zur Auswahl! Schreibwettbewerb ...<\/p>\n<hr \/>\n<p><a href=\"http:\/\/ginco-ev.com\/de\/events\/konkurs-risunka-2-temy-na-vybor\/\">Malwettbewerb 2 Themen zur Auswahl<\/a> <a href=\"http:\/\/ginco-ev.com\/de\/events\/konkurs-risunka-2-temy-na-vybor\/\"><img loading=\"lazy\" decoding=\"async\" style=\"float: left;margin-right: 10px;margin-bottom: 5px;margin-top: 5px\" alt=\"\" src=\"http:\/\/ginco-ev.com\/wp-content\/uploads\/2020\/04\/WhatsApp-Image-2020-04-10-at-18.06.49.jpeg\" width=\"80\" height=\"80\" align=\"left\" border=\"0\" \/><\/a>April 12, 2020 - April 30, 2020 Es wird ein Malwettbewerb ausgeschrieben und zum ersten Mal werden ...<\/p>\n<hr \/>\n<p><h2>M\u00e4rz 2020<\/h2><a href=\"http:\/\/ginco-ev.com\/de\/events\/obshhee-roditelskoe-sobranie\/\">Gesamte Elternversammlung<\/a> <a href=\"http:\/\/ginco-ev.com\/de\/events\/obshhee-roditelskoe-sobranie\/\"><img loading=\"lazy\" decoding=\"async\" style=\"float: left;margin-right: 10px;margin-bottom: 5px;margin-top: 5px\" alt=\"\" src=\"\" width=\"80\" height=\"80\" align=\"left\" border=\"0\" \/><\/a>M\u00e4rz 23, 2020 Am 23. M\u00e4rz um 17.00 Uhr im R.144 findet eine ...<\/p>\n<hr \/>\n<p><a href=\"http:\/\/ginco-ev.com\/de\/events\/uroki-s-mamoj-i-dlya-neyo\/\">Unterricht mit und f\u00fcr Mama<\/a> <a href=\"http:\/\/ginco-ev.com\/de\/events\/uroki-s-mamoj-i-dlya-neyo\/\"><img loading=\"lazy\" decoding=\"async\" style=\"float: left;margin-right: 10px;margin-bottom: 5px;margin-top: 5px\" alt=\"\" src=\"\" width=\"80\" height=\"80\" align=\"left\" border=\"0\" \/><\/a>M\u00e4rz 4, 2020 - M\u00e4rz 13, 2020 Im M\u00e4rz erwartet alle GinCo-M\u00fctter ein buntes und spannendes Programm. ...<\/p>\n<hr \/>\n<p><a href=\"http:\/\/ginco-ev.com\/de\/events\/fantasticheskie-zhenshhiny\/\">Fantastische Frauen<\/a> <a href=\"http:\/\/ginco-ev.com\/de\/events\/fantasticheskie-zhenshhiny\/\"><img loading=\"lazy\" decoding=\"async\" style=\"float: left;margin-right: 10px;margin-bottom: 5px;margin-top: 5px\" alt=\"\" src=\"http:\/\/ginco-ev.com\/wp-content\/uploads\/2020\/03\/frida-e1583359942631.jpg\" width=\"80\" height=\"80\" align=\"left\" border=\"0\" \/><\/a>M\u00e4rz 4, 2020 - Mai 24, 2020 Die Schirn pr\u00e4sentiert erstmals in einer gro\u00dfen Themenausstellung den weiblichen ...<\/p>\n<hr \/>\n<p><h2>Nov. 2019<\/h2><a href=\"http:\/\/ginco-ev.com\/de\/events\/obrazovatelnaya-poezdka-v-bryussel\/\">Studienreise nach Br\u00fcssel<\/a> <a href=\"http:\/\/ginco-ev.com\/de\/events\/obrazovatelnaya-poezdka-v-bryussel\/\"><img loading=\"lazy\" decoding=\"async\" style=\"float: left;margin-right: 10px;margin-bottom: 5px;margin-top: 5px\" alt=\"\" src=\"http:\/\/ginco-ev.com\/wp-content\/uploads\/2019\/08\/2017-11-06-eu-parlament.jpg\" width=\"80\" height=\"80\" align=\"left\" border=\"0\" \/><\/a>November 8, 2019 - November 10, 2019 Wir laden sehr herzlich vom 8. bis 10. November Erwachsene ...<\/p>\n<hr \/>\n<p><a href=\"http:\/\/ginco-ev.com\/de\/events\/avtor-smesharikov-u-nas-v-gostyah\/\">Der Smeshariki-Erfinder bei uns zu Gast!<\/a> <a href=\"http:\/\/ginco-ev.com\/de\/events\/avtor-smesharikov-u-nas-v-gostyah\/\"><img loading=\"lazy\" decoding=\"async\" style=\"float: left;margin-right: 10px;margin-bottom: 5px;margin-top: 5px\" alt=\"\" src=\"http:\/\/ginco-ev.com\/wp-content\/uploads\/2019\/10\/pedal-ot-ogurca.png\" width=\"80\" height=\"80\" align=\"left\" border=\"0\" \/><\/a>November 7, 2019 Am 7. November um 18 Uhr findet ein Super-Mega-Konzert in ...<\/p>\n<hr \/>\n<p><h2>Okt. 2019<\/h2><a href=\"http:\/\/ginco-ev.com\/de\/events\/my-edem-v-parizh-2\/\">Wir fahren nach Paris!<\/a> <a href=\"http:\/\/ginco-ev.com\/de\/events\/my-edem-v-parizh-2\/\"><img loading=\"lazy\" decoding=\"async\" style=\"float: left;margin-right: 10px;margin-bottom: 5px;margin-top: 5px\" alt=\"\" src=\"\" width=\"80\" height=\"80\" align=\"left\" border=\"0\" \/><\/a>Oktober 3, 2019 - Oktober 6, 2019 W\u00e4hrend der ersten HerbstferienWoche laden wir alle herzlich nach Paris ...<\/p>\n<hr \/>\n<p><h2>Sep. 2019<\/h2><a href=\"http:\/\/ginco-ev.com\/de\/events\/vsemirnyj-den-rebyonka-2019\/\">Weltkindertag 2019<\/a> <a href=\"http:\/\/ginco-ev.com\/de\/events\/vsemirnyj-den-rebyonka-2019\/\"><img loading=\"lazy\" decoding=\"async\" style=\"float: left;margin-right: 10px;margin-bottom: 5px;margin-top: 5px\" alt=\"\" src=\"\" width=\"80\" height=\"80\" align=\"left\" border=\"0\" \/><\/a>September 22, 2019 Am 22. September findet diesj\u00e4hriger Welt Kindertag in Darmstadt statt. ...<\/p>\n<hr \/>\n<p><a href=\"http:\/\/ginco-ev.com\/de\/events\/den-obshhestvennyh-organizatsij\/\">Tag der Vereine<\/a> <a href=\"http:\/\/ginco-ev.com\/de\/events\/den-obshhestvennyh-organizatsij\/\"><img loading=\"lazy\" decoding=\"async\" style=\"float: left;margin-right: 10px;margin-bottom: 5px;margin-top: 5px\" alt=\"\" src=\"http:\/\/ginco-ev.com\/wp-content\/uploads\/2019\/08\/TDV_2019-1.jpg\" width=\"80\" height=\"80\" align=\"left\" border=\"0\" \/><\/a>September 8, 2019 Am 8. September ab 11 bis 17 Uhr, in Darmstadtium, ...<\/p>\n<hr \/>\n<p><h2>Juni 2019<\/h2><a href=\"http:\/\/ginco-ev.com\/de\/events\/sportivno-igrovoj-prazdnik-v-tsentre-darmshtadta\/\">Sport- und Spielfest in Darmstadt im Herrngarten<\/a> <a href=\"http:\/\/ginco-ev.com\/de\/events\/sportivno-igrovoj-prazdnik-v-tsentre-darmshtadta\/\"><img loading=\"lazy\" decoding=\"async\" style=\"float: left;margin-right: 10px;margin-bottom: 5px;margin-top: 5px\" alt=\"\" src=\"http:\/\/ginco-ev.com\/wp-content\/uploads\/2019\/05\/herrngarten.jpg\" width=\"80\" height=\"80\" align=\"left\" border=\"0\" \/><\/a>Juni 30, 2019 Am Sonntag, den 30. Juni, von 11 bis 17 Uhr ...<\/p>\n<hr \/>\n<p><div class=\"em-pagination \" data-em-ajax=\"id=197411070&amp;limit=20&amp;scope=past&amp;order=DESC&amp;orderby=event_start_date%2Cevent_start_time%2Cevent_name\"> <span class=\"page-numbers current\">1<\/span><span class=\"not-current second-half\"> <a class=\"page-numbers\" href=\"\/de\/wp-json\/wp\/v2\/pages\/5411?pno=2\" title=\"2\">2<\/a>  <a class=\"page-numbers\" href=\"\/de\/wp-json\/wp\/v2\/pages\/5411?pno=3\" title=\"3\">3<\/a>  <a class=\"page-numbers\" href=\"\/de\/wp-json\/wp\/v2\/pages\/5411?pno=4\" title=\"4\">4<\/a>  <a class=\"page-numbers\" href=\"\/de\/wp-json\/wp\/v2\/pages\/5411?pno=5\" title=\"5\">5<\/a>  <a class=\"page-numbers\" href=\"\/de\/wp-json\/wp\/v2\/pages\/5411?pno=6\" title=\"6\">6<\/a>  <a class=\"page-numbers\" href=\"\/de\/wp-json\/wp\/v2\/pages\/5411?pno=7\" title=\"7\">7<\/a>  <a class=\"page-numbers\" href=\"\/de\/wp-json\/wp\/v2\/pages\/5411?pno=8\" title=\"8\">8<\/a> <\/span> <a class=\"page-numbers\" href=\"\/de\/wp-json\/wp\/v2\/pages\/5411?pno=9\" title=\"9\">9<\/a>  <a class=\"page-numbers\" href=\"\/de\/wp-json\/wp\/v2\/pages\/5411?pno=10\" title=\"10\">10<\/a>  <a class=\"next page-numbers\" href=\"\/de\/wp-json\/wp\/v2\/pages\/5411?pno=2\" title=\"2\">&gt;<\/a>  <\/div>\t<\/div>\r\n<\/div>\n","protected":false},"excerpt":{"rendered":"","protected":false},"author":111,"featured_media":0,"parent":0,"menu_order":0,"comment_status":"closed","ping_status":"closed","template":"","meta":{"ngg_post_thumbnail":0,"footnotes":""},"class_list":["post-5411","page","type-page","status-publish","hentry"],"_links":{"self":[{"href":"http:\/\/ginco-ev.com\/de\/wp-json\/wp\/v2\/pages\/5411","targetHints":{"allow":["GET"]}}],"collection":[{"href":"http:\/\/ginco-ev.com\/de\/wp-json\/wp\/v2\/pages"}],"about":[{"href":"http:\/\/ginco-ev.com\/de\/wp-json\/wp\/v2\/types\/page"}],"author":[{"embeddable":true,"href":"http:\/\/ginco-ev.com\/de\/wp-json\/wp\/v2\/users\/111"}],"replies":[{"embeddable":true,"href":"http:\/\/ginco-ev.com\/de\/wp-json\/wp\/v2\/comments?post=5411"}],"version-history":[{"count":1,"href":"http:\/\/ginco-ev.com\/de\/wp-json\/wp\/v2\/pages\/5411\/revisions"}],"predecessor-version":[{"id":14378,"href":"http:\/\/ginco-ev.com\/de\/wp-json\/wp\/v2\/pages\/5411\/revisions\/14378"}],"wp:attachment":[{"href":"http:\/\/ginco-ev.com\/de\/wp-json\/wp\/v2\/media?parent=5411"}],"curies":[{"name":"wp","href":"https:\/\/api.w.org\/{rel}","templated":true}]}}