{"id":264,"date":"2012-12-17T21:41:28","date_gmt":"2012-12-17T20:41:28","guid":{"rendered":"http:\/\/www.sovremennik.de\/GinCo\/?page_id=264"},"modified":"2013-02-10T16:52:17","modified_gmt":"2013-02-10T15:52:17","slug":"unsere-ziele-und-philosophie","status":"publish","type":"page","link":"http:\/\/ginco-ev.com\/de\/unsere-ziele-und-philosophie\/","title":{"rendered":"Unsere Ziele und Philosophie"},"content":{"rendered":"<p style=\"text-align: justify;\">Das Ziel unseres Vereins ist es die alten Traditionen der Ausbildung, die einen systematischen Ansatz, Selbst-Entwicklung, die F\u00e4higkeit Schwierigkeiten zu \u00fcberwinden, Aspiration zur L\u00f6sung komplizierter Probleme, Streben nach Perfektion zu bewahren.<br \/>\nWir verbinden die Methoden unserer Eltern und Gro\u00dfeltern mit der modernen Technologie und neue methodische Ans\u00e4tze. Unsere Philosophie ist ein Kind fr\u00fch zu entwickeln und dann durch das gesamte Leben zu lernen.\u00a0Wie glauben in Spa\u00df im Lehre, m\u00f6chten aber nicht der Unterricht durch Spiel zu\u00a0auswechseln. Das ernsthafte Befridigung kommt mit dem\u00a0Errungenschaft und Leistung.<br \/>\nWir bieten \u00a0Kurse, Reise und Projekte die f\u00fcr der Entwicklung der n\u00fctzlichen F\u00e4higkeiten die moderne Fachmann\/Fachfrau braucht: Mobilit\u00e4t,\u00a0\u00a0Kommunikation,\u00a0Belesenheit, F\u00e4higkeit\u00a0selbst\u00e4ndig\u00a0und originell\u00a0zu denken.<\/p>\n<p style=\"text-align: center;\"><a href=\"http:\/\/ginco-ev.com\/wp-content\/uploads\/2012\/12\/philosophie11.jpg\"><img loading=\"lazy\" decoding=\"async\" class=\"aligncenter size-full wp-image-294\" title=\"philosophie\" src=\"http:\/\/ginco-ev.com\/wp-content\/uploads\/2012\/12\/philosophie11.jpg\" alt=\"\" width=\"665\" height=\"314\" \/><\/a><\/p>\n<p style=\"text-align: center;\">\u00a0<\/p>\n","protected":false},"excerpt":{"rendered":"<p>Das Ziel unseres Vereins ist es die alten Traditionen der Ausbildung, die einen systematischen Ansatz, Selbst-Entwicklung, die F\u00e4higkeit Schwierigkeiten zu<a class=\"moretag\" href=\"http:\/\/ginco-ev.com\/de\/unsere-ziele-und-philosophie\/\">  &#9900;&#9900;&#9655;<\/a><\/p>\n","protected":false},"author":111,"featured_media":0,"parent":0,"menu_order":0,"comment_status":"open","ping_status":"open","template":"","meta":{"ngg_post_thumbnail":0,"footnotes":""},"class_list":["post-264","page","type-page","status-publish","hentry"],"_links":{"self":[{"href":"http:\/\/ginco-ev.com\/de\/wp-json\/wp\/v2\/pages\/264","targetHints":{"allow":["GET"]}}],"collection":[{"href":"http:\/\/ginco-ev.com\/de\/wp-json\/wp\/v2\/pages"}],"about":[{"href":"http:\/\/ginco-ev.com\/de\/wp-json\/wp\/v2\/types\/page"}],"author":[{"embeddable":true,"href":"http:\/\/ginco-ev.com\/de\/wp-json\/wp\/v2\/users\/111"}],"replies":[{"embeddable":true,"href":"http:\/\/ginco-ev.com\/de\/wp-json\/wp\/v2\/comments?post=264"}],"version-history":[{"count":0,"href":"http:\/\/ginco-ev.com\/de\/wp-json\/wp\/v2\/pages\/264\/revisions"}],"wp:attachment":[{"href":"http:\/\/ginco-ev.com\/de\/wp-json\/wp\/v2\/media?parent=264"}],"curies":[{"name":"wp","href":"https:\/\/api.w.org\/{rel}","templated":true}]}}