{"id":1727,"date":"2013-02-09T03:25:11","date_gmt":"2013-02-09T03:25:11","guid":{"rendered":"http:\/\/ginco-ev.com\/?page_id=1727"},"modified":"2013-11-19T13:40:04","modified_gmt":"2013-11-19T12:40:04","slug":"verein-ginco","status":"publish","type":"page","link":"http:\/\/ginco-ev.com\/de\/verein-ginco\/","title":{"rendered":"Verein GinCo"},"content":{"rendered":"<p style=\"text-align: justify;\">Das Ziel unseres Vereins ist es, durch die alten und bewahrten Traditionen der P\u00e4dagogik von Montessori und Fr\u00f6bel, Vygotskij und Rousseau erfolgreich Kinder und Jugendliche zu f\u00f6rdern.<\/p>\n<p style=\"text-align: justify;\">Wir verbinden auch die Methoden unserer Eltern und Gro\u00dfeltern mit der modernen Technologie und neuen methodischen Ans\u00e4tzen. Unsere Philosophie ist es, ein Kind fr\u00fch zu f\u00f6rdern und ihm eine Plattform bieten, sich frei und selbstst\u00e4ndig\u00a0entwickeln zu k\u00f6nnen und das Lernen als Prozess verinnerlichen und genie\u00dfen.<\/p>\n<p style=\"text-align: justify;\">Wir glauben, dass der spielerische Ansatz im Kleinkindalter zum Spa\u00df im Lernen bei Kindern und Jugendlichen sich umwandelt. Trotzdem m\u00f6chten wir nicht nur spielen.<br \/>\nWir bieten Kurse, Projekte und begleitende Unterricht mit den Eltern zusammen an. Muttersprachliche Unterricht liegt uns besonders am Herzen. Denn nur dadurch werden Kinder sich erfolgreich entwickeln, werden in der Mehrsprachigkeit gef\u00f6rdert, eigene Identit\u00e4t aufbauen, selbst\u00e4ndig agieren k\u00f6nnen und bewusstes Lernen lernen.<\/p>\n<p style=\"text-align: justify;\">Wir unterst\u00fctzen Ihre Kinder!<\/p>\n","protected":false},"excerpt":{"rendered":"<p>Das Ziel unseres Vereins ist es, durch die alten und bewahrten Traditionen der P\u00e4dagogik von Montessori und Fr\u00f6bel, Vygotskij und<a class=\"moretag\" href=\"http:\/\/ginco-ev.com\/de\/verein-ginco\/\">  &#9900;&#9900;&#9655;<\/a><\/p>\n","protected":false},"author":111,"featured_media":0,"parent":0,"menu_order":0,"comment_status":"closed","ping_status":"closed","template":"","meta":{"ngg_post_thumbnail":0,"footnotes":""},"class_list":["post-1727","page","type-page","status-publish","hentry"],"_links":{"self":[{"href":"http:\/\/ginco-ev.com\/de\/wp-json\/wp\/v2\/pages\/1727","targetHints":{"allow":["GET"]}}],"collection":[{"href":"http:\/\/ginco-ev.com\/de\/wp-json\/wp\/v2\/pages"}],"about":[{"href":"http:\/\/ginco-ev.com\/de\/wp-json\/wp\/v2\/types\/page"}],"author":[{"embeddable":true,"href":"http:\/\/ginco-ev.com\/de\/wp-json\/wp\/v2\/users\/111"}],"replies":[{"embeddable":true,"href":"http:\/\/ginco-ev.com\/de\/wp-json\/wp\/v2\/comments?post=1727"}],"version-history":[{"count":0,"href":"http:\/\/ginco-ev.com\/de\/wp-json\/wp\/v2\/pages\/1727\/revisions"}],"wp:attachment":[{"href":"http:\/\/ginco-ev.com\/de\/wp-json\/wp\/v2\/media?parent=1727"}],"curies":[{"name":"wp","href":"https:\/\/api.w.org\/{rel}","templated":true}]}}